{"id":81,"date":"2021-09-11T14:57:35","date_gmt":"2021-09-11T12:57:35","guid":{"rendered":"http:\/\/www.aktionsbuendnis-urologie.de\/?page_id=81"},"modified":"2022-09-26T15:41:28","modified_gmt":"2022-09-26T13:41:28","slug":"berufspolitik","status":"publish","type":"page","link":"https:\/\/www.aktionsbuendnis-urologie.de\/index.php\/berufspolitik\/","title":{"rendered":"Berufspolitik"},"content":{"rendered":"\n<p>Das Aktionsb\u00fcndnis Urologie (ABU) ist in Bayern der Ansprechpartner f\u00fcr berufspolitische Angelegenheiten der niedergelassenen Urologinnen und Urologen wie z.B. bei der Kassen\u00e4rztlichen Vereinigung Bayern (KVB), der Bayerischen Landes\u00e4rztekammer (BL\u00c4K), dem Bayerischen Gesundheitsministerium, bayerischen Beh\u00f6rden oder Krankenkassen, die f\u00fcr Bayern zust\u00e4ndig sind. Die Etablierung des ABUs innerhalb der o.g. Institutionen erm\u00f6glicht dem ABU die Einbindung in Planungen und Entscheidungen sowie die Aufnahme von Vorschl\u00e4gen, die das ABU einbringt.<\/p>\n\n\n\n<p>Ein wichtiges Ziel des ABU ist auch der Erhalt der Wertsch\u00e4tzung unseres Berufsstandes. Dies beinhaltet u.a. die Sicherstellung beruflicher Entscheidungsfreiheit, den Erhalt der Freiberuflichkeit, die St\u00e4rkung unseres Berufsbildes und der Uro-Onkologie, leistungsgerechte Honorare, die Eind\u00e4mmung der B\u00fcrokratie sowie Vertretung unserer Interessen in der Standespolitik auf bayerischer Ebene.<\/p>\n\n\n\n<p>F\u00fcr eine Besserung der Verg\u00fctung im Rahmen der Behandlung von GKV-Patienten ist das ABU auf bayerischer Ebene Gespr\u00e4chspartner bei der Gestaltung des Kollektivvertrags sowie von Selektivvertr\u00e4gen oder Vertr\u00e4gen zur integrierten Versorgung.<\/p>\n\n\n\n<p><a href=\"https:\/\/www.aktionsbuendnis-urologie.de\/index.php\/ziele-die-das-abu-erreicht-hat\/\">Ziele, die das ABU erreicht hat<\/a><\/p>\n\n\n\n<p>F\u00fcr Themen, die Bundesebene betreffen, steht das ABU in engem Ausstausch mit dem Berufsverband der Deutschen Urologen e.V. (BvDU)<\/p>\n\n\n\n<p>Falls Sie eine berufspolitische Frage haben, wenden Sie sich bitte per E-Mail an das ABU (&#x6b;&#x6f;&#110;&#116;a&#x6b;&#x74;&#x40;&#97;bu&#x77;&#x65;&#98;&#46;d&#x65;).<\/p>\n\n\n\n<p>Alle wirtschaftlichen Gesichtspunkte, die den Betrieb einer Praxis oder eines \u00e4rztlich geleiteten Medizinischen Versorgungszentrums (MVZ) betreffen, fallen in den Zust\u00e4ndigkeitsbereich der <a href=\"http:\/\/www.aktionsbuendnis-urologie.de\/index.php\/servicegesellschaft-der-bayerischen-urologen-mbh-sgbu\/\">Servicegesellschaft der Bayerischen Urologen mbH<\/a>.<\/p>\n","protected":false},"excerpt":{"rendered":"<p>Das Aktionsb\u00fcndnis Urologie (ABU) ist in Bayern der Ansprechpartner f\u00fcr berufspolitische Angelegenheiten der niedergelassenen Urologinnen und Urologen wie z.B. bei der Kassen\u00e4rztlichen Vereinigung Bayern (KVB), der Bayerischen Landes\u00e4rztekammer (BL\u00c4K), dem Bayerischen Gesundheitsministerium, bayerischen Beh\u00f6rden oder Krankenkassen, die f\u00fcr Bayern zust\u00e4ndig sind. Die Etablierung des ABUs innerhalb der o.g. Institutionen erm\u00f6glicht dem ABU die Einbindung in&hellip;&nbsp;<a href=\"https:\/\/www.aktionsbuendnis-urologie.de\/index.php\/berufspolitik\/\" rel=\"bookmark\">Weiterlesen &raquo;<span class=\"screen-reader-text\">Berufspolitik<\/span><\/a><\/p>\n","protected":false},"author":1,"featured_media":0,"parent":0,"menu_order":0,"comment_status":"closed","ping_status":"closed","template":"","meta":{"neve_meta_sidebar":"","neve_meta_container":"","neve_meta_enable_content_width":"","neve_meta_content_width":0,"neve_meta_title_alignment":"","neve_meta_author_avatar":"","neve_post_elements_order":"","neve_meta_disable_header":"","neve_meta_disable_footer":"","neve_meta_disable_title":"","footnotes":""},"class_list":["post-81","page","type-page","status-publish","hentry"],"_links":{"self":[{"href":"https:\/\/www.aktionsbuendnis-urologie.de\/index.php\/wp-json\/wp\/v2\/pages\/81","targetHints":{"allow":["GET"]}}],"collection":[{"href":"https:\/\/www.aktionsbuendnis-urologie.de\/index.php\/wp-json\/wp\/v2\/pages"}],"about":[{"href":"https:\/\/www.aktionsbuendnis-urologie.de\/index.php\/wp-json\/wp\/v2\/types\/page"}],"author":[{"embeddable":true,"href":"https:\/\/www.aktionsbuendnis-urologie.de\/index.php\/wp-json\/wp\/v2\/users\/1"}],"replies":[{"embeddable":true,"href":"https:\/\/www.aktionsbuendnis-urologie.de\/index.php\/wp-json\/wp\/v2\/comments?post=81"}],"version-history":[{"count":14,"href":"https:\/\/www.aktionsbuendnis-urologie.de\/index.php\/wp-json\/wp\/v2\/pages\/81\/revisions"}],"predecessor-version":[{"id":312,"href":"https:\/\/www.aktionsbuendnis-urologie.de\/index.php\/wp-json\/wp\/v2\/pages\/81\/revisions\/312"}],"wp:attachment":[{"href":"https:\/\/www.aktionsbuendnis-urologie.de\/index.php\/wp-json\/wp\/v2\/media?parent=81"}],"curies":[{"name":"wp","href":"https:\/\/api.w.org\/{rel}","templated":true}]}}