{"id":108,"date":"2021-09-11T19:13:06","date_gmt":"2021-09-11T17:13:06","guid":{"rendered":"http:\/\/www.aktionsbuendnis-urologie.de\/?page_id=108"},"modified":"2022-04-11T22:16:16","modified_gmt":"2022-04-11T20:16:16","slug":"servicegesellschaft-der-bayerischen-urologen-mbh-sgbu","status":"publish","type":"page","link":"https:\/\/www.aktionsbuendnis-urologie.de\/index.php\/servicegesellschaft-der-bayerischen-urologen-mbh-sgbu\/","title":{"rendered":"Servicegesellschaft der Bayerischen Urologen mbH (SgBU)"},"content":{"rendered":"\n<p>Die Servicegesellschaft der Bayerischen Urologen mit beschr\u00e4nkter Haftung (SgBU) ist ein Dienstleister f\u00fcr \u00c4rzte aus dem Fachgebiet Urologie und ist f\u00fcr alle Angelegenheiten zust\u00e4ndig, die aus vereinsrechtlichen und steuerlichen Gr\u00fcnden nicht durch das Aktionb\u00fcndnis Urologie e.V. abgebildet bzw. erbracht werden k\u00f6nnen.<br>Alleiniger Gesellschafter der SgBU mbH ist das Aktionsb\u00fcndnis Urologie Dachverband der bayerischen Urologen e.V. <\/p>\n\n\n\n<p class=\"has-text-align-center\"><a href=\"http:\/\/www.abu-sgbu.de\">Hier geht es zur SgBU<\/a> <\/p>\n","protected":false},"excerpt":{"rendered":"<p>Die Servicegesellschaft der Bayerischen Urologen mit beschr\u00e4nkter Haftung (SgBU) ist ein Dienstleister f\u00fcr \u00c4rzte aus dem Fachgebiet Urologie und ist f\u00fcr alle Angelegenheiten zust\u00e4ndig, die aus vereinsrechtlichen und steuerlichen Gr\u00fcnden nicht durch das Aktionb\u00fcndnis Urologie e.V. abgebildet bzw. erbracht werden k\u00f6nnen.Alleiniger Gesellschafter der SgBU mbH ist das Aktionsb\u00fcndnis Urologie Dachverband der bayerischen Urologen e.V. Hier&hellip;&nbsp;<a href=\"https:\/\/www.aktionsbuendnis-urologie.de\/index.php\/servicegesellschaft-der-bayerischen-urologen-mbh-sgbu\/\" rel=\"bookmark\">Weiterlesen &raquo;<span class=\"screen-reader-text\">Servicegesellschaft der Bayerischen Urologen mbH (SgBU)<\/span><\/a><\/p>\n","protected":false},"author":1,"featured_media":0,"parent":0,"menu_order":0,"comment_status":"closed","ping_status":"closed","template":"","meta":{"neve_meta_sidebar":"","neve_meta_container":"","neve_meta_enable_content_width":"","neve_meta_content_width":0,"neve_meta_title_alignment":"","neve_meta_author_avatar":"","neve_post_elements_order":"","neve_meta_disable_header":"","neve_meta_disable_footer":"","neve_meta_disable_title":"","footnotes":""},"class_list":["post-108","page","type-page","status-publish","hentry"],"_links":{"self":[{"href":"https:\/\/www.aktionsbuendnis-urologie.de\/index.php\/wp-json\/wp\/v2\/pages\/108","targetHints":{"allow":["GET"]}}],"collection":[{"href":"https:\/\/www.aktionsbuendnis-urologie.de\/index.php\/wp-json\/wp\/v2\/pages"}],"about":[{"href":"https:\/\/www.aktionsbuendnis-urologie.de\/index.php\/wp-json\/wp\/v2\/types\/page"}],"author":[{"embeddable":true,"href":"https:\/\/www.aktionsbuendnis-urologie.de\/index.php\/wp-json\/wp\/v2\/users\/1"}],"replies":[{"embeddable":true,"href":"https:\/\/www.aktionsbuendnis-urologie.de\/index.php\/wp-json\/wp\/v2\/comments?post=108"}],"version-history":[{"count":6,"href":"https:\/\/www.aktionsbuendnis-urologie.de\/index.php\/wp-json\/wp\/v2\/pages\/108\/revisions"}],"predecessor-version":[{"id":245,"href":"https:\/\/www.aktionsbuendnis-urologie.de\/index.php\/wp-json\/wp\/v2\/pages\/108\/revisions\/245"}],"wp:attachment":[{"href":"https:\/\/www.aktionsbuendnis-urologie.de\/index.php\/wp-json\/wp\/v2\/media?parent=108"}],"curies":[{"name":"wp","href":"https:\/\/api.w.org\/{rel}","templated":true}]}}