{"id":10,"date":"2021-09-10T12:53:22","date_gmt":"2021-09-10T10:53:22","guid":{"rendered":"http:\/\/www.aktionsbuendnis-urologie.de\/?page_id=10"},"modified":"2022-04-11T22:17:54","modified_gmt":"2022-04-11T20:17:54","slug":"gestalte-deine-website-mit-bloecken","status":"publish","type":"page","link":"https:\/\/www.aktionsbuendnis-urologie.de\/","title":{"rendered":"Aktionsb\u00fcndnis Urologie e.V. (ABU)"},"content":{"rendered":"\n<p>Das Aktionsb\u00fcndnis Urologie e.V. (ABU) ist aus dem Zusammenschluss aller urologischen Gruppierungen in Bayern hervorgegangen und repr\u00e4sentiert mehr als 80% der niedergelassenen bayerischen Urologinnen und Urologen. <\/p>\n\n\n\n<p>Als berufspolitische Vertretung der niedergelassenen bayerischen Urologen b\u00fcndelt das ABU die Interessen der niedergelassenen Fach\u00e4rzte f\u00fcr Urologie in Bayern. <\/p>\n\n\n\n<p>Das ABU setzt sich f\u00fcr den Erhalt und die Verbesserung der Versorgung unserer Patienten und f\u00fcr ein gerechtes Gesundheitssystem ein, in dem unsere Patienten fachgerecht behandelt und Fach\u00e4rzte angemessen bezahlt werden.<\/p>\n\n\n\n<figure class=\"wp-block-table\" style=\"font-size:18px;font-style:italic;font-weight:700\"><table><tbody><tr><td class=\"has-text-align-center\" data-align=\"center\">Das ABU ist Gesellschafter der <a href=\"https:\/\/www.aktionsbuendnis-urologie.de\/index.php\/servicegesellschaft-der-bayerischen-urologen-mbh-sgbu\/\">Servicegesellschaft der Bayerischen Urologen mbH<\/a>                                                                                                                                                                                    <\/td><td class=\"has-text-align-center\" data-align=\"center\"><img loading=\"lazy\" decoding=\"async\" width=\"180\" height=\"102\" class=\"wp-image-175\" style=\"width: 180px;\" src=\"https:\/\/www.aktionsbuendnis-urologie.de\/wp-content\/uploads\/2022\/04\/SgBU-Logo-transparent.png\" alt=\"\" srcset=\"https:\/\/www.aktionsbuendnis-urologie.de\/wp-content\/uploads\/2022\/04\/SgBU-Logo-transparent.png 664w, https:\/\/www.aktionsbuendnis-urologie.de\/wp-content\/uploads\/2022\/04\/SgBU-Logo-transparent-300x170.png 300w\" sizes=\"auto, (max-width: 180px) 100vw, 180px\" \/><\/td><\/tr><\/tbody><\/table><\/figure>\n","protected":false},"excerpt":{"rendered":"<p>Das Aktionsb\u00fcndnis Urologie e.V. (ABU) ist aus dem Zusammenschluss aller urologischen Gruppierungen in Bayern hervorgegangen und repr\u00e4sentiert mehr als 80% der niedergelassenen bayerischen Urologinnen und Urologen. Als berufspolitische Vertretung der niedergelassenen bayerischen Urologen b\u00fcndelt das ABU die Interessen der niedergelassenen Fach\u00e4rzte f\u00fcr Urologie in Bayern. Das ABU setzt sich f\u00fcr den Erhalt und die Verbesserung&hellip;&nbsp;<a href=\"https:\/\/www.aktionsbuendnis-urologie.de\/\" rel=\"bookmark\">Weiterlesen &raquo;<span class=\"screen-reader-text\">Aktionsb\u00fcndnis Urologie e.V. (ABU)<\/span><\/a><\/p>\n","protected":false},"author":1,"featured_media":0,"parent":0,"menu_order":0,"comment_status":"closed","ping_status":"closed","template":"","meta":{"neve_meta_sidebar":"","neve_meta_container":"","neve_meta_enable_content_width":"","neve_meta_content_width":0,"neve_meta_title_alignment":"","neve_meta_author_avatar":"","neve_post_elements_order":"","neve_meta_disable_header":"","neve_meta_disable_footer":"","neve_meta_disable_title":"","footnotes":""},"class_list":["post-10","page","type-page","status-publish","hentry"],"_links":{"self":[{"href":"https:\/\/www.aktionsbuendnis-urologie.de\/index.php\/wp-json\/wp\/v2\/pages\/10","targetHints":{"allow":["GET"]}}],"collection":[{"href":"https:\/\/www.aktionsbuendnis-urologie.de\/index.php\/wp-json\/wp\/v2\/pages"}],"about":[{"href":"https:\/\/www.aktionsbuendnis-urologie.de\/index.php\/wp-json\/wp\/v2\/types\/page"}],"author":[{"embeddable":true,"href":"https:\/\/www.aktionsbuendnis-urologie.de\/index.php\/wp-json\/wp\/v2\/users\/1"}],"replies":[{"embeddable":true,"href":"https:\/\/www.aktionsbuendnis-urologie.de\/index.php\/wp-json\/wp\/v2\/comments?post=10"}],"version-history":[{"count":50,"href":"https:\/\/www.aktionsbuendnis-urologie.de\/index.php\/wp-json\/wp\/v2\/pages\/10\/revisions"}],"predecessor-version":[{"id":248,"href":"https:\/\/www.aktionsbuendnis-urologie.de\/index.php\/wp-json\/wp\/v2\/pages\/10\/revisions\/248"}],"wp:attachment":[{"href":"https:\/\/www.aktionsbuendnis-urologie.de\/index.php\/wp-json\/wp\/v2\/media?parent=10"}],"curies":[{"name":"wp","href":"https:\/\/api.w.org\/{rel}","templated":true}]}}